{"id":1799,"date":"2021-04-29T14:18:03","date_gmt":"2021-04-29T14:18:03","guid":{"rendered":"https:\/\/tierschutz-bremerhaven.eu\/?page_id=1799"},"modified":"2021-04-29T14:18:36","modified_gmt":"2021-04-29T14:18:36","slug":"%d1%86%d0%b5%d0%bd%d1%82%d1%80-%d0%b4%d0%be%d0%b3%d0%bb%d1%8f%d0%b4%d1%83","status":"publish","type":"page","link":"https:\/\/www.tierschutz-bremerhaven.eu\/uk\/pflegestelle","title":{"rendered":"\u041f\u0440\u0438\u0439\u043e\u043c\u043d\u0430 \u0441\u0456\u043c'\u044f"},"content":{"rendered":"<div data-elementor-type=\"wp-page\" data-elementor-id=\"1799\" class=\"elementor elementor-1799\" data-elementor-post-type=\"page\">\n\t\t\t\t\t\t<section class=\"elementor-section elementor-top-section elementor-element elementor-element-3f2c348 elementor-section-full_width elementor-section-height-default elementor-section-height-default\" data-id=\"3f2c348\" data-element_type=\"section\" data-e-type=\"section\" data-settings=\"{&quot;background_background&quot;:&quot;classic&quot;}\">\n\t\t\t\t\t\t<div class=\"elementor-container elementor-column-gap-default\">\n\t\t\t\t\t<div class=\"elementor-column elementor-col-100 elementor-top-column elementor-element elementor-element-2cef154\" data-id=\"2cef154\" data-element_type=\"column\" data-e-type=\"column\">\n\t\t\t<div class=\"elementor-widget-wrap elementor-element-populated\">\n\t\t\t\t\t\t<div class=\"elementor-element elementor-element-02a7822 elementor-widget elementor-widget-heading\" data-id=\"02a7822\" data-element_type=\"widget\" data-e-type=\"widget\" data-widget_type=\"heading.default\">\n\t\t\t\t<div class=\"elementor-widget-container\">\n\t\t\t\t\t<h2 class=\"elementor-heading-title elementor-size-default\">\u0423 \u043d\u0430\u0434\u0437\u0432\u0438\u0447\u0430\u0439\u043d\u0438\u0445 \u0441\u0438\u0442\u0443\u0430\u0446\u0456\u044f\u0445<\/h2>\t\t\t\t<\/div>\n\t\t\t\t<\/div>\n\t\t\t\t<div class=\"elementor-element elementor-element-7cc7aaa elementor-widget elementor-widget-text-editor\" data-id=\"7cc7aaa\" data-element_type=\"widget\" data-e-type=\"widget\" data-widget_type=\"text-editor.default\">\n\t\t\t\t<div class=\"elementor-widget-container\">\n\t\t\t\t\t\t\t\t\t<p>\u041c\u0438 \u0448\u0443\u043a\u0430\u0454\u043c\u043e \u043b\u044e\u0434\u0435\u0439 \u0437 \u0441\u0435\u0440\u0446\u0435\u043c, \u0440\u043e\u0437\u0443\u043c\u043e\u043c \u0456 \u043b\u044e\u0431\u043e\u0432'\u044e \u0434\u043e \u0442\u0432\u0430\u0440\u0438\u043d, \u0430\u043b\u0435 \u044f\u043a\u0456 \u0437 \u044f\u043a\u0438\u0445\u043e\u0441\u044c \u043f\u0440\u0438\u0447\u0438\u043d \u043d\u0435 \u0445\u043e\u0447\u0443\u0442\u044c \u0442\u0440\u0438\u043c\u0430\u0442\u0438 \u0442\u0432\u0430\u0440\u0438\u043d\u0443 \u043d\u0430 \u043f\u043e\u0441\u0442\u0456\u0439\u043d\u0456\u0439 \u043e\u0441\u043d\u043e\u0432\u0456.<\/p><p>\u041e\u0434\u043d\u0430\u043a \u0432\u0438 \u0432\u0441\u0435 \u0449\u0435 \u043c\u043e\u0436\u0435\u0442\u0435 \u0437\u0440\u043e\u0431\u0438\u0442\u0438 \u0434\u043e\u0431\u0440\u0443 \u0441\u043f\u0440\u0430\u0432\u0443, \u0432\u0437\u044f\u0432\u0448\u0438 \u0437 \u043d\u0430\u0448\u043e\u0433\u043e \u043f\u0440\u0438\u0442\u0443\u043b\u043a\u0443 \u0442\u0432\u0430\u0440\u0438\u043d\u0443, \u044f\u043a\u0456\u0439 \u043c\u0438 \u0445\u043e\u0442\u0456\u043b\u0438 \u0431 \u0434\u0430\u0442\u0438 \u0442\u0438\u043c\u0447\u0430\u0441\u043e\u0432\u0438\u0439 \u0434\u0456\u043c \u0437 \u0440\u0456\u0437\u043d\u0438\u0445 \u043f\u0440\u0438\u0447\u0438\u043d.<\/p><p>\u0417\u043d\u043e\u0432\u0443 \u0456 \u0437\u043d\u043e\u0432\u0443 \u0442\u0440\u0430\u043f\u043b\u044f\u0454\u0442\u044c\u0441\u044f, \u0449\u043e \u0434\u0435\u044f\u043a\u0456 \u0442\u0432\u0430\u0440\u0438\u043d\u0438 \u0437\u043e\u0432\u0441\u0456\u043c \u043d\u0435 \u0432\u0456\u0434\u0447\u0443\u0432\u0430\u044e\u0442\u044c \u0441\u0435\u0431\u0435 \u043a\u043e\u043c\u0444\u043e\u0440\u0442\u043d\u043e \u0432 \u043f\u043e\u0432\u0441\u044f\u043a\u0434\u0435\u043d\u043d\u043e\u043c\u0443 \u0436\u0438\u0442\u0442\u0456 \u0432 \u043f\u0440\u0438\u0442\u0443\u043b\u043a\u0443 \u0434\u043b\u044f \u0442\u0432\u0430\u0440\u0438\u043d. \u041e\u0441\u043e\u0431\u043b\u0438\u0432\u043e \u0432\u0430\u0436\u043a\u043e \u0432 \u043f\u0440\u0438\u0442\u0443\u043b\u043a\u0443 \u0434\u043e\u0432\u043e\u0434\u0438\u0442\u044c\u0441\u044f \u0441\u0442\u0430\u0440\u0438\u043c \u0456 \u0445\u0432\u043e\u0440\u0438\u043c \u0442\u0432\u0430\u0440\u0438\u043d\u0430\u043c. \u042f\u043a\u0449\u043e \u043d\u0430\u043c \u043f\u043e\u0449\u0430\u0441\u0442\u0438\u0442\u044c, \u043c\u0438 \u0437\u0430\u0432\u0436\u0434\u0438 \u0437\u043d\u0430\u0439\u0434\u0435\u043c\u043e \u0434\u043e\u0431\u0440\u0438\u0445 \u043b\u044e\u0434\u0435\u0439, \u044f\u043a\u0456 \u0442\u0438\u043c\u0447\u0430\u0441\u043e\u0432\u043e \u0432\u0456\u0437\u044c\u043c\u0443\u0442\u044c \u0434\u043e \u0441\u0435\u0431\u0435 \u0442\u0430\u043a\u0438\u0445 \u0442\u0432\u0430\u0440\u0438\u043d \u0456 \u0437\u0430\u0431\u0435\u0437\u043f\u0435\u0447\u0430\u0442\u044c \u0457\u043c \u043d\u0435\u043e\u0431\u0445\u0456\u0434\u043d\u0443 \u0442\u0443\u0440\u0431\u043e\u0442\u0443 \u0442\u0430 \u0431\u0435\u0437\u043f\u0435\u043a\u0443. \u0412\u043e\u043d\u0438 \u0434\u043e\u0433\u043b\u044f\u0434\u0430\u044e\u0442\u044c \u0437\u0430 \u0442\u0432\u0430\u0440\u0438\u043d\u0430\u043c\u0438 \u0434\u043e \u0442\u0438\u0445 \u043f\u0456\u0440, \u043f\u043e\u043a\u0438 \u0457\u0445 \u043d\u0435 \u043c\u043e\u0436\u043d\u0430 \u0431\u0443\u0434\u0435 \u043f\u0435\u0440\u0435\u0434\u0430\u0442\u0438 \u043d\u0430 \u043f\u043e\u0441\u0442\u0456\u0439\u043d\u0435 \u043c\u0456\u0441\u0446\u0435 \u043f\u0440\u043e\u0436\u0438\u0432\u0430\u043d\u043d\u044f \u043d\u043e\u0432\u0438\u043c \u0433\u043e\u0441\u043f\u043e\u0434\u0430\u0440\u044f\u043c. \u0417\u0432\u0438\u0447\u0430\u0439\u043d\u043e, \u043c\u0438 \u0431\u0443\u043b\u0438 \u0431 \u043e\u0441\u043e\u0431\u043b\u0438\u0432\u043e \u0440\u0430\u0434\u0456, \u044f\u043a\u0431\u0438 \u0432\u0438 \u0437\u043c\u043e\u0433\u043b\u0438 \u043f\u0440\u0438\u0445\u0438\u0441\u0442\u0438\u0442\u0438 \u0441\u0442\u0430\u0440\u0438\u0445 \u0430\u0431\u043e \u0445\u0432\u043e\u0440\u0438\u0445 \u0442\u0432\u0430\u0440\u0438\u043d \u043d\u0430 \u043e\u0441\u0442\u0430\u043d\u043d\u044c\u043e\u043c\u0443 \u0435\u0442\u0430\u043f\u0456 \u0457\u0445\u043d\u044c\u043e\u0433\u043e \u0436\u0438\u0442\u0442\u044f.<\/p><p>\u042f\u043a\u0449\u043e \u0432\u0438 \u0445\u043e\u0447\u0435\u0442\u0435 \u043f\u0456\u0434\u0442\u0440\u0438\u043c\u0430\u0442\u0438 \u043e\u0434\u043d\u043e\u0433\u043e \u0437 \u043d\u0430\u0448\u0438\u0445 \u0432\u0438\u0445\u043e\u0432\u0430\u043d\u0446\u0456\u0432 \u043d\u0430 \u0434\u0435\u044f\u043a\u0438\u0439 \u0447\u0430\u0441, \u0431\u0443\u0434\u044c \u043b\u0430\u0441\u043a\u0430, \u0437\u0432'\u044f\u0436\u0456\u0442\u044c\u0441\u044f \u0437 \u043d\u0430\u043c\u0438 \u0432 \u043f\u0440\u0438\u0442\u0443\u043b\u043a\u0443 \u0437\u0430 \u0442\u0435\u043b\u0435\u0444\u043e\u043d\u043e\u043c 0471 - 8 32 57 \u0430\u0431\u043e \u0435\u043b\u0435\u043a\u0442\u0440\u043e\u043d\u043d\u043e\u044e \u043f\u043e\u0448\u0442\u043e\u044e:\u00a0<a href=\"mailto:info@tierschutz-bremerhaven.de\">info@tierschutz-bremerhaven.de<\/a><br \/>\u0423 \u043d\u0435\u0440\u043e\u0431\u043e\u0447\u0438\u0439 \u0447\u0430\u0441 \u0432\u0438 \u043c\u043e\u0436\u0435\u0442\u0435 \u0437\u0430\u043b\u0438\u0448\u0438\u0442\u0438 \u043f\u043e\u0432\u0456\u0434\u043e\u043c\u043b\u0435\u043d\u043d\u044f \u043d\u0430 \u0430\u0432\u0442\u043e\u0432\u0456\u0434\u043f\u043e\u0432\u0456\u0434\u0430\u0447\u0456. \u041c\u0438 \u043f\u0435\u0440\u0435\u0434\u0437\u0432\u043e\u043d\u0438\u043c\u043e \u0432\u0430\u043c \u043d\u0430\u0439\u0431\u043b\u0438\u0436\u0447\u0438\u043c \u0447\u0430\u0441\u043e\u043c.<\/p>\t\t\t\t\t\t\t\t<\/div>\n\t\t\t\t<\/div>\n\t\t\t\t\t<\/div>\n\t\t<\/div>\n\t\t\t\t\t<\/div>\n\t\t<\/section>\n\t\t\t\t<\/div>","protected":false},"excerpt":{"rendered":"<p>Im Notfall Wir suchen Menschen mit Herz, Verstand und Tierliebe, die aber, aus welchen Gr\u00fcnden auch immer, kein Tier auf Dauer halten m\u00f6chten. Sie k\u00f6nnen aber trotzdem ein gutes Werk tun: Sie nehmen ein Tier aus unserem Tierheim, das wir aus den verschiedensten Gr\u00fcnden in ein Zuhause auf Zeit geben m\u00f6chten. Es kommt immer wieder [&hellip;]<\/p>\n","protected":false},"author":3,"featured_media":0,"parent":0,"menu_order":0,"comment_status":"closed","ping_status":"closed","template":"","meta":{"footnotes":""},"class_list":["post-1799","page","type-page","status-publish","hentry"],"_links":{"self":[{"href":"https:\/\/www.tierschutz-bremerhaven.eu\/uk\/wp-json\/wp\/v2\/pages\/1799","targetHints":{"allow":["GET"]}}],"collection":[{"href":"https:\/\/www.tierschutz-bremerhaven.eu\/uk\/wp-json\/wp\/v2\/pages"}],"about":[{"href":"https:\/\/www.tierschutz-bremerhaven.eu\/uk\/wp-json\/wp\/v2\/types\/page"}],"author":[{"embeddable":true,"href":"https:\/\/www.tierschutz-bremerhaven.eu\/uk\/wp-json\/wp\/v2\/users\/3"}],"replies":[{"embeddable":true,"href":"https:\/\/www.tierschutz-bremerhaven.eu\/uk\/wp-json\/wp\/v2\/comments?post=1799"}],"version-history":[{"count":3,"href":"https:\/\/www.tierschutz-bremerhaven.eu\/uk\/wp-json\/wp\/v2\/pages\/1799\/revisions"}],"predecessor-version":[{"id":1802,"href":"https:\/\/www.tierschutz-bremerhaven.eu\/uk\/wp-json\/wp\/v2\/pages\/1799\/revisions\/1802"}],"wp:attachment":[{"href":"https:\/\/www.tierschutz-bremerhaven.eu\/uk\/wp-json\/wp\/v2\/media?parent=1799"}],"curies":[{"name":"wp","href":"https:\/\/api.w.org\/{rel}","templated":true}]}}