{"id":2617,"date":"2021-06-22T11:27:48","date_gmt":"2021-06-22T11:27:48","guid":{"rendered":"https:\/\/tierschutz-bremerhaven.eu\/?page_id=2617"},"modified":"2021-09-28T11:30:01","modified_gmt":"2021-09-28T11:30:01","slug":"%d1%81%d0%ba%d1%80%d0%b8%d0%bd%d1%8c%d0%ba%d0%b8-%d0%b4%d0%bb%d1%8f-%d0%bf%d0%be%d0%b6%d0%b5%d1%80%d1%82%d0%b2%d1%83%d0%b2%d0%b0%d0%bd%d0%bd%d1%8f-%d1%97%d0%b6%d1%96","status":"publish","type":"page","link":"https:\/\/www.tierschutz-bremerhaven.eu\/uk\/futterspendenboxen","title":{"rendered":"\u0421\u043a\u0440\u0438\u043d\u044c\u043a\u0438 \u0434\u043b\u044f \u043f\u043e\u0436\u0435\u0440\u0442\u0432\u0443\u0432\u0430\u043d\u043d\u044f \u043f\u0440\u043e\u0434\u0443\u043a\u0442\u0456\u0432 \u0445\u0430\u0440\u0447\u0443\u0432\u0430\u043d\u043d\u044f"},"content":{"rendered":"<div data-elementor-type=\"wp-page\" data-elementor-id=\"2617\" class=\"elementor elementor-2617\" data-elementor-post-type=\"page\">\n\t\t\t\t\t\t<section class=\"elementor-section elementor-top-section elementor-element elementor-element-3f2c348 elementor-section-boxed elementor-section-height-default elementor-section-height-default\" data-id=\"3f2c348\" data-element_type=\"section\" data-e-type=\"section\" data-settings=\"{&quot;background_background&quot;:&quot;classic&quot;}\">\n\t\t\t\t\t\t<div class=\"elementor-container elementor-column-gap-default\">\n\t\t\t\t\t<div class=\"elementor-column elementor-col-100 elementor-top-column elementor-element elementor-element-2cef154\" data-id=\"2cef154\" data-element_type=\"column\" data-e-type=\"column\">\n\t\t\t<div class=\"elementor-widget-wrap elementor-element-populated\">\n\t\t\t\t\t\t<div class=\"elementor-element elementor-element-02a7822 elementor-widget elementor-widget-heading\" data-id=\"02a7822\" data-element_type=\"widget\" data-e-type=\"widget\" data-widget_type=\"heading.default\">\n\t\t\t\t<div class=\"elementor-widget-container\">\n\t\t\t\t\t<h2 class=\"elementor-heading-title elementor-size-default\">\u0421\u043a\u0440\u0438\u043d\u044c\u043a\u0438 \u0434\u043b\u044f \u043f\u043e\u0436\u0435\u0440\u0442\u0432 \u0443 \u0441\u0443\u043f\u0435\u0440\u043c\u0430\u0440\u043a\u0435\u0442\u0430\u0445<\/h2>\t\t\t\t<\/div>\n\t\t\t\t<\/div>\n\t\t\t\t<div class=\"elementor-element elementor-element-7cc7aaa elementor-widget elementor-widget-text-editor\" data-id=\"7cc7aaa\" data-element_type=\"widget\" data-e-type=\"widget\" data-widget_type=\"text-editor.default\">\n\t\t\t\t<div class=\"elementor-widget-container\">\n\t\t\t\t\t\t\t\t\t<p>\u041c\u0438 \u0431\u0443\u043b\u0438 \u0431 \u0440\u0430\u0434\u0456, \u044f\u043a\u0431\u0438 \u0432\u0438 \u0437\u0433\u0430\u0434\u0443\u0432\u0430\u043b\u0438 \u043f\u0440\u043e \u043d\u0430\u0448\u0438\u0445 \u043f\u0440\u0438\u0442\u0443\u043b\u043a\u043e\u0432\u0438\u0445 \u0442\u0432\u0430\u0440\u0438\u043d, \u043a\u043e\u043b\u0438 \u0440\u043e\u0431\u0438\u0442\u0435 \u043f\u043e\u043a\u0443\u043f\u043a\u0438, \u0456 \u0434\u043e\u043f\u043e\u043c\u0430\u0433\u0430\u043b\u0438 \u043d\u0430\u043f\u043e\u0432\u043d\u044e\u0432\u0430\u0442\u0438 \u043d\u0430\u0448\u0456 \u043a\u043e\u0440\u043e\u0431\u043a\u0438 \u0437 \u0457\u0436\u0435\u044e. \u0426\u0456 \u043f\u043e\u0436\u0435\u0440\u0442\u0432\u0438 \u0437\u0431\u0438\u0440\u0430\u044e\u0442\u044c\u0441\u044f \u0440\u0435\u0433\u0443\u043b\u044f\u0440\u043d\u043e \u0456 \u0434\u043e\u0437\u0432\u043e\u043b\u044f\u044e\u0442\u044c \u043d\u0430\u0448\u0438\u043c \u0442\u0432\u0430\u0440\u0438\u043d\u0430\u043c \u0443\u0440\u0456\u0437\u043d\u043e\u043c\u0430\u043d\u0456\u0442\u043d\u0438\u0442\u0438 \u0441\u0432\u0456\u0439 \u0440\u0430\u0446\u0456\u043e\u043d.<\/p>\n<p>\u041c\u0438 \u0440\u043e\u0437\u043c\u0456\u0441\u0442\u0438\u043b\u0438 \u043d\u0430\u0448\u0456 \u0441\u043a\u0440\u0438\u043d\u044c\u043a\u0438 \u0434\u043b\u044f \u043f\u043e\u0436\u0435\u0440\u0442\u0432 \u0443 \u0432\u0445\u0456\u0434\u043d\u0438\u0445 \u0437\u043e\u043d\u0430\u0445 \u043d\u0430\u0441\u0442\u0443\u043f\u043d\u0438\u0445 \u0441\u0443\u043f\u0435\u0440\u043c\u0430\u0440\u043a\u0435\u0442\u0456\u0432:<\/p>\n<ol>\n<li>DM Langen \/ Bremerhaven Rheinstr. \/ Bremerhaven Elbestr.<\/li>\n<li>\u0421\u043f\u0440\u0430\u0432\u0436\u043d\u0456\u0439 \u0421\u043f\u0430\u0439\u0434\u0435\u043d<\/li>\n<li>Fressnapf Spaden<\/li>\n<li>\u0413\u043e\u0434\u0456\u0432\u043d\u0438\u0446\u044f<\/li>\n<li>\u0410\u0434\u0440\u0435\u0441\u0430: Schiffdorfer-Chaussee, Roter Sand, Weserstr.<\/li>\n<li>\u041a\u0430\u0443\u0444\u043b\u0430\u043d\u0434 \u0412\u0443\u043b\u044c\u0441\u0434\u043e\u0440\u0444<br><\/li>\n<\/ol>\n<p><br><\/p>\n<p>\u041c\u0438 \u0440\u0430\u0434\u0456\u0454\u043c\u043e, \u043a\u043e\u043b\u0438 \u0437'\u044f\u0432\u043b\u044f\u044e\u0442\u044c\u0441\u044f \u043d\u043e\u0432\u0456 \u043b\u043e\u043a\u0430\u0446\u0456\u0457, \u0456, \u0437\u0432\u0438\u0447\u0430\u0439\u043d\u043e, \u0445\u043e\u0442\u0456\u043b\u0438 \u0431 \u043f\u043e\u0434\u044f\u043a\u0443\u0432\u0430\u0442\u0438 \u043a\u0435\u0440\u0456\u0432\u043d\u0438\u043a\u0443 \u043c\u0430\u0433\u0430\u0437\u0438\u043d\u0443 \u0437\u0430 \u0442\u0435, \u0449\u043e \u0432\u0456\u043d \u0437\u0440\u043e\u0431\u0438\u0432 \u0446\u0435 \u043c\u043e\u0436\u043b\u0438\u0432\u0438\u043c.<\/p>\n<p>\u042f\u043a\u0449\u043e \u0432\u0438 \u0442\u0430\u043a\u043e\u0436 \u0437\u0430\u0446\u0456\u043a\u0430\u0432\u043b\u0435\u043d\u0456 \u0443 \u0432\u0441\u0442\u0430\u043d\u043e\u0432\u043b\u0435\u043d\u043d\u0456 \u0441\u043a\u0440\u0438\u043d\u044c\u043a\u0438 \u0434\u043b\u044f \u043f\u043e\u0436\u0435\u0440\u0442\u0432, \u0431\u0443\u0434\u044c \u043b\u0430\u0441\u043a\u0430, \u0437\u0432'\u044f\u0436\u0456\u0442\u044c\u0441\u044f \u0437 \u043d\u0430\u043c\u0438 \u0437\u0430 \u0442\u0435\u043b\u0435\u0444\u043e\u043d\u043e\u043c 0471 - 8 32 57. \u0423 \u043d\u0435\u0440\u043e\u0431\u043e\u0447\u0438\u0439 \u0447\u0430\u0441 \u0432\u0438 \u043c\u043e\u0436\u0435\u0442\u0435 \u0437\u0430\u043b\u0438\u0448\u0438\u0442\u0438 \u043f\u043e\u0432\u0456\u0434\u043e\u043c\u043b\u0435\u043d\u043d\u044f \u043d\u0430 \u0430\u0432\u0442\u043e\u0432\u0456\u0434\u043f\u043e\u0432\u0456\u0434\u0430\u0447\u0456. \u041c\u0438 \u043f\u0435\u0440\u0435\u0434\u0437\u0432\u043e\u043d\u0438\u043c\u043e \u0432\u0430\u043c \u043d\u0430\u0439\u0431\u043b\u0438\u0436\u0447\u0438\u043c \u0447\u0430\u0441\u043e\u043c.<\/p>\t\t\t\t\t\t\t\t<\/div>\n\t\t\t\t<\/div>\n\t\t\t\t\t<\/div>\n\t\t<\/div>\n\t\t\t\t\t<\/div>\n\t\t<\/section>\n\t\t\t\t<\/div>","protected":false},"excerpt":{"rendered":"<p>Futterspendenboxen in Superm\u00e4rkten Wir freuen uns, wenn Sie bei Ihrem Einkauf auch an unsere Tierheimtiere denken und helfen, unsere Futterboxen zu f\u00fcllen. Diese Spenden werden regelm\u00e4\u00dfig eingesammelt und bieten unseren Tieren Abwechslung auf dem Speiseplan. In den Eingangsbereichen folgender Superm\u00e4rkte haben wir unsere Spendenboxen aufgestellt: DM Langen\/ Bremerhaven Rheinstr. \/ Bremerhaven Elbestr. Real Spaden Fressnapf [&hellip;]<\/p>\n","protected":false},"author":3,"featured_media":0,"parent":0,"menu_order":0,"comment_status":"closed","ping_status":"closed","template":"","meta":{"footnotes":""},"class_list":["post-2617","page","type-page","status-publish","hentry"],"_links":{"self":[{"href":"https:\/\/www.tierschutz-bremerhaven.eu\/uk\/wp-json\/wp\/v2\/pages\/2617","targetHints":{"allow":["GET"]}}],"collection":[{"href":"https:\/\/www.tierschutz-bremerhaven.eu\/uk\/wp-json\/wp\/v2\/pages"}],"about":[{"href":"https:\/\/www.tierschutz-bremerhaven.eu\/uk\/wp-json\/wp\/v2\/types\/page"}],"author":[{"embeddable":true,"href":"https:\/\/www.tierschutz-bremerhaven.eu\/uk\/wp-json\/wp\/v2\/users\/3"}],"replies":[{"embeddable":true,"href":"https:\/\/www.tierschutz-bremerhaven.eu\/uk\/wp-json\/wp\/v2\/comments?post=2617"}],"version-history":[{"count":25,"href":"https:\/\/www.tierschutz-bremerhaven.eu\/uk\/wp-json\/wp\/v2\/pages\/2617\/revisions"}],"predecessor-version":[{"id":4950,"href":"https:\/\/www.tierschutz-bremerhaven.eu\/uk\/wp-json\/wp\/v2\/pages\/2617\/revisions\/4950"}],"wp:attachment":[{"href":"https:\/\/www.tierschutz-bremerhaven.eu\/uk\/wp-json\/wp\/v2\/media?parent=2617"}],"curies":[{"name":"wp","href":"https:\/\/api.w.org\/{rel}","templated":true}]}}