{"id":2627,"date":"2021-06-22T12:00:10","date_gmt":"2021-06-22T12:00:10","guid":{"rendered":"https:\/\/tierschutz-bremerhaven.eu\/?page_id=2627"},"modified":"2021-11-01T12:35:51","modified_gmt":"2021-11-01T12:35:51","slug":"%d1%81%d0%bf%d0%be%d0%bd%d1%81%d0%be%d1%80%d1%81%d1%82%d0%b2%d0%be","status":"publish","type":"page","link":"https:\/\/www.tierschutz-bremerhaven.eu\/uk\/patenschaft","title":{"rendered":"\u0421\u043f\u043e\u043d\u0441\u043e\u0440\u0441\u0442\u0432\u043e"},"content":{"rendered":"<div data-elementor-type=\"wp-page\" data-elementor-id=\"2627\" class=\"elementor elementor-2627\" data-elementor-post-type=\"page\">\n\t\t\t\t\t\t<section class=\"elementor-section elementor-top-section elementor-element elementor-element-3f2c348 elementor-section-boxed elementor-section-height-default elementor-section-height-default\" data-id=\"3f2c348\" data-element_type=\"section\" data-e-type=\"section\" data-settings=\"{&quot;background_background&quot;:&quot;classic&quot;}\">\n\t\t\t\t\t\t<div class=\"elementor-container elementor-column-gap-default\">\n\t\t\t\t\t<div class=\"elementor-column elementor-col-100 elementor-top-column elementor-element elementor-element-2cef154\" data-id=\"2cef154\" data-element_type=\"column\" data-e-type=\"column\">\n\t\t\t<div class=\"elementor-widget-wrap elementor-element-populated\">\n\t\t\t\t\t\t<div class=\"elementor-element elementor-element-02a7822 elementor-widget elementor-widget-heading\" data-id=\"02a7822\" data-element_type=\"widget\" data-e-type=\"widget\" data-widget_type=\"heading.default\">\n\t\t\t\t<div class=\"elementor-widget-container\">\n\t\t\t\t\t<h2 class=\"elementor-heading-title elementor-size-default\">\u0421\u043f\u043e\u043d\u0441\u043e\u0440\u0441\u0442\u0432\u043e<\/h2>\t\t\t\t<\/div>\n\t\t\t\t<\/div>\n\t\t\t\t<div class=\"elementor-element elementor-element-7cc7aaa elementor-widget elementor-widget-text-editor\" data-id=\"7cc7aaa\" data-element_type=\"widget\" data-e-type=\"widget\" data-widget_type=\"text-editor.default\">\n\t\t\t\t<div class=\"elementor-widget-container\">\n\t\t\t\t\t\t\t\t\t<p>\u041f\u0456\u0434\u0442\u0440\u0438\u043c\u0430\u0439\u0442\u0435 \u043f\u0440\u0438\u0442\u0443\u043b\u043e\u043a \u0434\u043b\u044f \u0442\u0432\u0430\u0440\u0438\u043d \u0443 \u0411\u0440\u0435\u043c\u0435\u0440\u0445\u0430\u0444\u0435\u043d\u0456 \u0442\u0430 \u0439\u043e\u0433\u043e \u0432\u0438\u0445\u043e\u0432\u0430\u043d\u0446\u0456\u0432 \u0437\u0430 \u0434\u043e\u043f\u043e\u043c\u043e\u0433\u043e\u044e \u0441\u043f\u043e\u043d\u0441\u043e\u0440\u0441\u044c\u043a\u043e\u0457 \u0434\u043e\u043f\u043e\u043c\u043e\u0433\u0438. \u0412\u0441\u044c\u043e\u0433\u043e \u0437\u0430 10 \u0454\u0432\u0440\u043e \u043d\u0430 \u043c\u0456\u0441\u044f\u0446\u044c \u0432\u0438 \u043c\u043e\u0436\u0435\u0442\u0435 \u0437\u0440\u043e\u0431\u0438\u0442\u0438 \u0431\u0430\u0433\u0430\u0442\u043e \u0434\u043b\u044f \u043d\u0430\u0448\u0438\u0445 \u0442\u0432\u0430\u0440\u0438\u043d \u0456 \u0434\u043e\u043f\u043e\u043c\u043e\u0433\u0442\u0438 \u043d\u0430\u043c \u043f\u0456\u043a\u043b\u0443\u0432\u0430\u0442\u0438\u0441\u044f \u043f\u0440\u043e \u043c\u0435\u0448\u043a\u0430\u043d\u0446\u0456\u0432 \u043f\u0440\u0438\u0442\u0443\u043b\u043a\u0443 - \u0457\u0436\u0435\u044e, \u043b\u0456\u043a\u0430\u043c\u0438 \u0442\u0430 \u043b\u044e\u0431\u043e\u0432'\u044e.<\/p>\n<p>\u0412\u0438 \u0445\u043e\u0442\u0456\u043b\u0438 \u0431 \u0441\u043f\u043e\u043d\u0441\u043e\u0440\u0443\u0432\u0430\u0442\u0438 \u0442\u0432\u0430\u0440\u0438\u043d\u0443? \u0423 \u043b\u044e\u0434\u0438\u043d\u0438, \u044f\u043a\u0456\u0439 \u0432\u0438 \u0445\u043e\u0447\u0435\u0442\u0435 \u0437\u0440\u043e\u0431\u0438\u0442\u0438 \u043f\u043e\u0434\u0430\u0440\u0443\u043d\u043e\u043a, \u0454 \u0443\u043b\u044e\u0431\u043b\u0435\u043d\u0430 \u0442\u0432\u0430\u0440\u0438\u043d\u0430? \u0417\u0440\u043e\u0431\u0456\u0442\u044c \u043f\u043e\u0434\u0430\u0440\u0443\u043d\u043e\u043a \u0443 \u0432\u0438\u0433\u043b\u044f\u0434\u0456 \u0441\u043f\u043e\u043d\u0441\u043e\u0440\u0441\u044c\u043a\u043e\u0457 \u0434\u043e\u043f\u043e\u043c\u043e\u0433\u0438 \u0442\u0432\u0430\u0440\u0438\u043d\u0456 \u0456 \u0434\u043e\u043f\u043e\u043c\u043e\u0436\u0456\u0442\u044c \u043d\u0430\u043c \u043f\u0456\u043a\u043b\u0443\u0432\u0430\u0442\u0438\u0441\u044f \u043f\u0440\u043e \u043d\u0435\u0457.<\/p>\n<p><strong>\u0429\u043e\u043c\u0456\u0441\u044f\u0447\u043d\u0456 \u0432\u043d\u0435\u0441\u043a\u0438 \u0434\u043b\u044f \u0441\u043f\u043e\u043d\u0441\u043e\u0440\u0441\u0442\u0432\u0430 \u0442\u0432\u0430\u0440\u0438\u043d \u0434\u043b\u044f \u043f\u0435\u0432\u043d\u043e\u0457 \u0433\u0440\u0443\u043f\u0438 \u0442\u0432\u0430\u0440\u0438\u043d \u0454 \u043d\u0430\u0441\u0442\u0443\u043f\u043d\u0438\u043c\u0438:<\/strong><\/p>\n<ul>\n<li>10 \u0454\u0432\u0440\u043e \u0434\u043b\u044f \u0434\u0440\u0456\u0431\u043d\u0438\u0445 \u0442\u0432\u0430\u0440\u0438\u043d<\/li>\n<li>20 \u0454\u0432\u0440\u043e \u0434\u043b\u044f \u043a\u043e\u0442\u0456\u0432<\/li>\n<li>25 \u0454\u0432\u0440\u043e \u0434\u043b\u044f \u0441\u043e\u0431\u0430\u043a, \u0441\u0432\u0438\u043d\u0435\u0439, \u043a\u0456\u0437, \u043e\u0432\u0435\u0446\u044c<\/li>\n<li>30 \u0454\u0432\u0440\u043e \u0437\u0430 \u043a\u043e\u043d\u0435\u0439<\/li>\n<\/ul>\n<p><br><\/p><p>\u042f\u043a\u0449\u043e \u0432\u0438 \u0431\u0430\u0436\u0430\u0454\u0442\u0435, \u0432\u0438, \u0437\u0432\u0456\u0441\u043d\u043e, \u043c\u043e\u0436\u0435\u0442\u0435 \u043f\u043e\u0436\u0435\u0440\u0442\u0432\u0443\u0432\u0430\u0442\u0438 \u0431\u0456\u043b\u044c\u0448\u0435. \u0429\u0438\u0440\u043e \u0434\u044f\u043a\u0443\u0454\u043c\u043e!<\/p>\n<p>\u042f\u043a\u0449\u043e \u0432\u0438 \u0437\u0430\u0446\u0456\u043a\u0430\u0432\u043b\u0435\u043d\u0456, \u0431\u0443\u0434\u044c \u043b\u0430\u0441\u043a\u0430, \u0437\u0432'\u044f\u0436\u0456\u0442\u044c\u0441\u044f \u0437 \u043d\u0430\u043c\u0438 \u0432 \u043f\u0440\u0438\u0442\u0443\u043b\u043a\u0443 \u0434\u043b\u044f \u0442\u0432\u0430\u0440\u0438\u043d \u0437\u0430 \u0442\u0435\u043b. <a href=\"tel:047183257\">0471 \u2013 8 32 57<\/a>. \u0423 \u043d\u0435\u0440\u043e\u0431\u043e\u0447\u0438\u0439 \u0447\u0430\u0441 \u0432\u0438 \u043c\u043e\u0436\u0435\u0442\u0435 \u0437\u0430\u043b\u0438\u0448\u0438\u0442\u0438 \u043f\u043e\u0432\u0456\u0434\u043e\u043c\u043b\u0435\u043d\u043d\u044f \u043d\u0430 \u0430\u0432\u0442\u043e\u0432\u0456\u0434\u043f\u043e\u0432\u0456\u0434\u0430\u0447\u0456. \u0412\u0430\u043c \u043d\u0435\u0433\u0430\u0439\u043d\u043e \u043f\u0435\u0440\u0435\u0434\u0437\u0432\u043e\u043d\u044f\u0442\u044c.<\/p>\t\t\t\t\t\t\t\t<\/div>\n\t\t\t\t<\/div>\n\t\t\t\t\t<\/div>\n\t\t<\/div>\n\t\t\t\t\t<\/div>\n\t\t<\/section>\n\t\t\t\t<\/div>","protected":false},"excerpt":{"rendered":"<p>Patenschaft Unterst\u00fctzen Sie das Tierheim Bremerhaven und seine Tiere mit einer Patenschaft. Bereits ab 10 Euro im Monat k\u00f6nnen Sie sehr viel f\u00fcr unsere Tiere tun und helfen uns, unsere Tierheimbewohner zu versorgen \u2013 mit Futter, Medizin und Liebe. M\u00f6chten Sie jemanden mit einer Tierpatenschaft beschenken? Diese Person, die Sie beschenken m\u00f6chten, hat ein Lieblingstier? [&hellip;]<\/p>\n","protected":false},"author":3,"featured_media":0,"parent":0,"menu_order":0,"comment_status":"closed","ping_status":"closed","template":"","meta":{"footnotes":""},"class_list":["post-2627","page","type-page","status-publish","hentry"],"_links":{"self":[{"href":"https:\/\/www.tierschutz-bremerhaven.eu\/uk\/wp-json\/wp\/v2\/pages\/2627","targetHints":{"allow":["GET"]}}],"collection":[{"href":"https:\/\/www.tierschutz-bremerhaven.eu\/uk\/wp-json\/wp\/v2\/pages"}],"about":[{"href":"https:\/\/www.tierschutz-bremerhaven.eu\/uk\/wp-json\/wp\/v2\/types\/page"}],"author":[{"embeddable":true,"href":"https:\/\/www.tierschutz-bremerhaven.eu\/uk\/wp-json\/wp\/v2\/users\/3"}],"replies":[{"embeddable":true,"href":"https:\/\/www.tierschutz-bremerhaven.eu\/uk\/wp-json\/wp\/v2\/comments?post=2627"}],"version-history":[{"count":28,"href":"https:\/\/www.tierschutz-bremerhaven.eu\/uk\/wp-json\/wp\/v2\/pages\/2627\/revisions"}],"predecessor-version":[{"id":5545,"href":"https:\/\/www.tierschutz-bremerhaven.eu\/uk\/wp-json\/wp\/v2\/pages\/2627\/revisions\/5545"}],"wp:attachment":[{"href":"https:\/\/www.tierschutz-bremerhaven.eu\/uk\/wp-json\/wp\/v2\/media?parent=2627"}],"curies":[{"name":"wp","href":"https:\/\/api.w.org\/{rel}","templated":true}]}}