{"id":2720,"date":"2021-07-09T10:24:16","date_gmt":"2021-07-09T10:24:16","guid":{"rendered":"https:\/\/tierschutz-bremerhaven.eu\/?page_id=2720"},"modified":"2023-09-27T08:01:46","modified_gmt":"2023-09-27T08:01:46","slug":"%d0%bf%d1%83%d1%82%d1%96%d0%b2%d0%bd%d0%b8%d0%ba%d0%b8","status":"publish","type":"page","link":"https:\/\/www.tierschutz-bremerhaven.eu\/uk\/fuehrungen","title":{"rendered":"\u0415\u043a\u0441\u043a\u0443\u0440\u0441\u0456\u0457 \u0437 \u0433\u0456\u0434\u043e\u043c"},"content":{"rendered":"<div data-elementor-type=\"wp-page\" data-elementor-id=\"2720\" class=\"elementor elementor-2720\" data-elementor-post-type=\"page\">\n\t\t\t\t\t\t<section class=\"elementor-section elementor-top-section elementor-element elementor-element-324f483d elementor-section-boxed elementor-section-height-default elementor-section-height-default\" data-id=\"324f483d\" data-element_type=\"section\" data-e-type=\"section\" data-settings=\"{&quot;background_background&quot;:&quot;classic&quot;}\">\n\t\t\t\t\t\t<div class=\"elementor-container elementor-column-gap-default\">\n\t\t\t\t\t<div class=\"elementor-column elementor-col-100 elementor-top-column elementor-element elementor-element-698cb7d5\" data-id=\"698cb7d5\" data-element_type=\"column\" data-e-type=\"column\">\n\t\t\t<div class=\"elementor-widget-wrap elementor-element-populated\">\n\t\t\t\t\t\t<div class=\"elementor-element elementor-element-50f88142 elementor-widget elementor-widget-heading\" data-id=\"50f88142\" data-element_type=\"widget\" data-e-type=\"widget\" data-widget_type=\"heading.default\">\n\t\t\t\t<div class=\"elementor-widget-container\">\n\t\t\t\t\t<h2 class=\"elementor-heading-title elementor-size-default\">\u0415\u043a\u0441\u043a\u0443\u0440\u0441\u0456\u0457 \u0437 \u0433\u0456\u0434\u043e\u043c<\/h2>\t\t\t\t<\/div>\n\t\t\t\t<\/div>\n\t\t\t\t<div class=\"elementor-element elementor-element-6d2c1d39 elementor-widget elementor-widget-text-editor\" data-id=\"6d2c1d39\" data-element_type=\"widget\" data-e-type=\"widget\" data-widget_type=\"text-editor.default\">\n\t\t\t\t<div class=\"elementor-widget-container\">\n\t\t\t\t\t\t\t\t\t<p>\u0425\u043e\u0447\u0435\u0442\u0435 \u043f\u043e\u0437\u043d\u0430\u0439\u043e\u043c\u0438\u0442\u0438\u0441\u044f \u0437 \u043d\u043e\u0432\u0438\u043c \u043f\u0440\u0438\u0442\u0443\u043b\u043a\u043e\u043c \u0456 \u0439\u043e\u0433\u043e \u043c\u0435\u0448\u043a\u0430\u043d\u0446\u044f\u043c\u0438? \u0411\u0435\u0437 \u043f\u0440\u043e\u0431\u043b\u0435\u043c. \u041f\u0440\u0438\u0445\u043e\u0434\u044c\u0442\u0435 \u043d\u0430 \u043e\u0434\u043d\u0443 \u0437 \u043d\u0430\u0448\u0438\u0445 \u0435\u043a\u0441\u043a\u0443\u0440\u0441\u0456\u0439. \u0412\u043e\u043d\u0438 \u0431\u0435\u0437\u043a\u043e\u0448\u0442\u043e\u0432\u043d\u0456, \u0430\u043b\u0435 \u043c\u0438 \u0437\u0430\u0432\u0436\u0434\u0438 \u0440\u0430\u0434\u0456 \u043e\u0442\u0440\u0438\u043c\u0430\u0442\u0438 \u043f\u043e\u0436\u0435\u0440\u0442\u0432\u0443 \u0434\u043b\u044f \u043f\u0440\u0438\u0442\u0443\u043b\u043a\u0443.<\/p>\n<p>\u0415\u043a\u0441\u043a\u0443\u0440\u0441\u0456\u044f \u043d\u0430\u0448\u0438\u043c \u043f\u0440\u0438\u0442\u0443\u043b\u043a\u043e\u043c \u0434\u043b\u044f \u0442\u0432\u0430\u0440\u0438\u043d \u0442\u0440\u0438\u0432\u0430\u0454 \u0431\u043b\u0438\u0437\u044c\u043a\u043e 45 \u0445\u0432\u0438\u043b\u0438\u043d \u0456 \u0441\u0443\u043f\u0440\u043e\u0432\u043e\u0434\u0436\u0443\u0454\u0442\u044c\u0441\u044f \u044f\u043a \u0430\u043a\u0442\u0438\u0432\u043d\u0438\u043c\u0438 \u0447\u043b\u0435\u043d\u0430\u043c\u0438 \u043e\u0440\u0433\u0430\u043d\u0456\u0437\u0430\u0446\u0456\u0457, \u0442\u0430\u043a \u0456 \u043d\u0430\u0448\u0438\u043c\u0438 \u0434\u043e\u0433\u043b\u044f\u0434\u0430\u0447\u0430\u043c\u0438 \u0442\u0432\u0430\u0440\u0438\u043d. \u041f\u0456\u0434 \u0447\u0430\u0441 \u0435\u043a\u0441\u043a\u0443\u0440\u0441\u0456\u0457 \u0443\u0447\u0430\u0441\u043d\u0438\u043a\u0438 \u043e\u0442\u0440\u0438\u043c\u0443\u044e\u0442\u044c \u0432\u0456\u0442\u0430\u043b\u044c\u043d\u0443 \u0440\u043e\u0437\u043f\u043e\u0432\u0456\u0434\u044c \u043f\u0440\u043e \u0442\u0435, \u044f\u043a\u0456 \u0437\u0430\u0432\u0434\u0430\u043d\u043d\u044f \u0432\u0438\u043a\u043e\u043d\u0443\u0454 \u043f\u0440\u0438\u0442\u0443\u043b\u043e\u043a \u0434\u043b\u044f \u0442\u0432\u0430\u0440\u0438\u043d \u0456 \u044f\u043a \u0437\u0434\u0456\u0439\u0441\u043d\u044e\u0454\u0442\u044c\u0441\u044f \u0434\u043e\u0433\u043b\u044f\u0434 \u0442\u0430 \u043b\u0456\u043a\u0443\u0432\u0430\u043d\u043d\u044f \u0431\u043b\u0438\u0437\u044c\u043a\u043e 600 \u0442\u0432\u0430\u0440\u0438\u043d, \u044f\u043a\u0456 \u0446\u044c\u043e\u0433\u043e \u043f\u043e\u0442\u0440\u0435\u0431\u0443\u044e\u0442\u044c \u0449\u043e\u0440\u043e\u043a\u0443. \u041f\u0456\u0434 \u0447\u0430\u0441 \u0441\u043f\u0456\u043b\u044c\u043d\u043e\u0457 \u0435\u043a\u0441\u043a\u0443\u0440\u0441\u0456\u0457 \u0443\u0447\u0430\u0441\u043d\u0438\u043a\u0438 \u0442\u0430\u043a\u043e\u0436 \u043e\u0433\u043b\u044f\u0434\u0430\u044e\u0442\u044c \u0442\u0435\u0440\u0438\u0442\u043e\u0440\u0456\u044e \u043f\u0440\u0438\u0442\u0443\u043b\u043a\u0443.<\/p>\n<p>\u0412\u0438 \u0445\u043e\u0447\u0435\u0442\u0435 \u0432\u0456\u0434\u0432\u0456\u0434\u0430\u0442\u0438 \u043f\u0440\u0438\u0442\u0443\u043b\u043e\u043a \u0434\u043b\u044f \u0442\u0432\u0430\u0440\u0438\u043d \u0437 \u0433\u0440\u0443\u043f\u043e\u044e, \u0448\u043a\u0456\u043b\u044c\u043d\u0438\u043c \u043a\u043b\u0430\u0441\u043e\u043c, \u0434\u0438\u0442\u044f\u0447\u043e\u044e \u0430\u0431\u043e \u043c\u043e\u043b\u043e\u0434\u0456\u0436\u043d\u043e\u044e \u0433\u0440\u0443\u043f\u043e\u044e? \u0413\u0440\u0443\u043f\u0438 \u0442\u0443\u0442 \u0434\u0443\u0436\u0435 \u0432\u0456\u0442\u0430\u044e\u0442\u044c\u0441\u044f.<\/p>\n<p><strong>\u0406\u043d\u0444\u043e\u0440\u043c\u0430\u0446\u0456\u044f \u043f\u0440\u043e \u0433\u0440\u0443\u043f\u043e\u0432\u0456 \u0442\u0443\u0440\u0438:<\/strong><\/p>\n<ul>\n<li>\u0413\u0440\u0443\u043f\u0430 \u043c\u0430\u043a\u0441\u0438\u043c\u0443\u043c 10 \u043e\u0441\u0456\u0431<\/li>\n<li>\u0412\u0456\u0434\u0432\u0456\u0434\u0443\u0432\u0430\u043d\u043d\u044f \u043c\u043e\u0436\u043b\u0438\u0432\u0456 \u043f\u0440\u043e\u0442\u044f\u0433\u043e\u043c \u0442\u0438\u0436\u043d\u044f \u0443 \u0432\u0456\u0434\u043a\u0440\u0438\u0442\u0456 \u0434\u043d\u0456 \u0432 \u043f\u0435\u0440\u0448\u0456\u0439 \u043f\u043e\u043b\u043e\u0432\u0438\u043d\u0456 \u0434\u043d\u044f<\/li>\n<li>\u041f\u0440\u0438\u0441\u0443\u0442\u043d\u0456\u0439 \u043f\u0440\u0438\u043d\u0430\u0439\u043c\u043d\u0456 \u043e\u0434\u0438\u043d \u0432\u0447\u0438\u0442\u0435\u043b\u044c \/ \u0432\u0438\u0445\u043e\u0432\u0430\u0442\u0435\u043b\u044c<\/li>\n<li>\u041c\u0456\u043d\u0456\u043c\u0430\u043b\u044c\u043d\u0438\u0439 \u0432\u0456\u043a \u0434\u0456\u0442\u0435\u0439: 6 \u0440\u043e\u043a\u0456\u0432<\/li>\n<li>\u0423 \u0440\u0430\u0437\u0456 \u043d\u0435\u043e\u0431\u0445\u0456\u0434\u043d\u043e\u0441\u0442\u0456, \u0434\u0435\u043a\u043b\u0430\u0440\u0430\u0446\u0456\u044f \u043f\u0440\u043e \u0437\u0433\u043e\u0434\u0443 \u0443\u0447\u0430\u0441\u043d\u0438\u043a\u0456\u0432 \u043d\u0430 \u043f\u0443\u0431\u043b\u0456\u043a\u0430\u0446\u0456\u044e \u0444\u043e\u0442\u043e\u0433\u0440\u0430\u0444\u0456\u0439 \u043d\u0430 \u0432\u0435\u0431-\u0441\u0430\u0439\u0442\u0456 \u0430\u0441\u043e\u0446\u0456\u0430\u0446\u0456\u0457 \u0442\u0430 \u0432 \u0441\u043e\u0446\u0456\u0430\u043b\u044c\u043d\u0438\u0445 \u043c\u0435\u0440\u0435\u0436\u0430\u0445<\/li>\n<li>\u0420\u0435\u0454\u0441\u0442\u0440\u0430\u0446\u0456\u044f, \u043f\u043e \u043c\u043e\u0436\u043b\u0438\u0432\u043e\u0441\u0442\u0456, \u0437\u0430 2 \u043c\u0456\u0441\u044f\u0446\u0456 \u0434\u043e \u0431\u0430\u0436\u0430\u043d\u043e\u0457 \u0434\u0430\u0442\u0438<br><br><\/li>\n<\/ul>\n<p>\u0411\u0443\u0434\u044c \u043b\u0430\u0441\u043a\u0430, \u043d\u0430\u0434\u0441\u0438\u043b\u0430\u0439\u0442\u0435 \u0437\u0430\u043f\u0438\u0442 \u043d\u0430 \u0435\u043a\u0441\u043a\u0443\u0440\u0441\u0456\u0457 \u0434\u043e \u043f\u0440\u0438\u0442\u0443\u043b\u043a\u0443 \u0434\u043b\u044f \u0442\u0432\u0430\u0440\u0438\u043d \u043d\u0430 \u0435\u043b\u0435\u043a\u0442\u0440\u043e\u043d\u043d\u0443 \u0430\u0434\u0440\u0435\u0441\u0443 <a href=\"mailto:info@tierschutz-bremerhaven.de\"><u>info@tierschutz-bremerhaven.de<\/u><\/a><\/p>\n<p>\u0410\u0431\u043e \u0437\u0432'\u044f\u0436\u0456\u0442\u044c\u0441\u044f \u0437 \u043d\u0430\u043c\u0438 \u0432 \u043f\u0440\u0438\u0442\u0443\u043b\u043a\u0443 \u0434\u043b\u044f \u0442\u0432\u0430\u0440\u0438\u043d \u0437\u0430 \u0442\u0435\u043b: <a href=\"tel:047183257\">0471 - 8 32 57<\/a>. \u0423 \u043d\u0435\u0440\u043e\u0431\u043e\u0447\u0438\u0439 \u0447\u0430\u0441 \u0432\u0438 \u043c\u043e\u0436\u0435\u0442\u0435 \u0437\u0430\u043b\u0438\u0448\u0438\u0442\u0438 \u043f\u043e\u0432\u0456\u0434\u043e\u043c\u043b\u0435\u043d\u043d\u044f \u043d\u0430 \u0430\u0432\u0442\u043e\u0432\u0456\u0434\u043f\u043e\u0432\u0456\u0434\u0430\u0447\u0456. \u0412\u0430\u043c \u043d\u0435\u0433\u0430\u0439\u043d\u043e \u043f\u0435\u0440\u0435\u0434\u0437\u0432\u043e\u043d\u044f\u0442\u044c.<\/p>\n<p><br><\/p>\t\t\t\t\t\t\t\t<\/div>\n\t\t\t\t<\/div>\n\t\t\t\t\t<\/div>\n\t\t<\/div>\n\t\t\t\t\t<\/div>\n\t\t<\/section>\n\t\t\t\t<\/div>","protected":false},"excerpt":{"rendered":"<p>F\u00fchrungen Sie m\u00f6chten das neue Tierheim und seine aktuellen Bewohner gerne mal n\u00e4her kennenlernen? Kein Problem. Kommen Sie zu einer unserer Besucherf\u00fchrungen. Diese sind kostenfrei \u2013 \u00fcber eine Spende f\u00fcrs Tierheim freuen wir uns aber immer. Die F\u00fchrung in unserem Tierheim dauert ca. 45 Minuten und wird sowohl von aktiven Vereinsmitgliedern als auch von unseren [&hellip;]<\/p>\n","protected":false},"author":3,"featured_media":0,"parent":0,"menu_order":0,"comment_status":"closed","ping_status":"closed","template":"","meta":{"footnotes":""},"class_list":["post-2720","page","type-page","status-publish","hentry"],"_links":{"self":[{"href":"https:\/\/www.tierschutz-bremerhaven.eu\/uk\/wp-json\/wp\/v2\/pages\/2720","targetHints":{"allow":["GET"]}}],"collection":[{"href":"https:\/\/www.tierschutz-bremerhaven.eu\/uk\/wp-json\/wp\/v2\/pages"}],"about":[{"href":"https:\/\/www.tierschutz-bremerhaven.eu\/uk\/wp-json\/wp\/v2\/types\/page"}],"author":[{"embeddable":true,"href":"https:\/\/www.tierschutz-bremerhaven.eu\/uk\/wp-json\/wp\/v2\/users\/3"}],"replies":[{"embeddable":true,"href":"https:\/\/www.tierschutz-bremerhaven.eu\/uk\/wp-json\/wp\/v2\/comments?post=2720"}],"version-history":[{"count":21,"href":"https:\/\/www.tierschutz-bremerhaven.eu\/uk\/wp-json\/wp\/v2\/pages\/2720\/revisions"}],"predecessor-version":[{"id":9022,"href":"https:\/\/www.tierschutz-bremerhaven.eu\/uk\/wp-json\/wp\/v2\/pages\/2720\/revisions\/9022"}],"wp:attachment":[{"href":"https:\/\/www.tierschutz-bremerhaven.eu\/uk\/wp-json\/wp\/v2\/media?parent=2720"}],"curies":[{"name":"wp","href":"https:\/\/api.w.org\/{rel}","templated":true}]}}