{"id":3531,"date":"2021-08-31T11:58:06","date_gmt":"2021-08-31T11:58:06","guid":{"rendered":"https:\/\/tierschutz-bremerhaven.eu\/?page_id=3531"},"modified":"2025-03-19T08:49:39","modified_gmt":"2025-03-19T07:49:39","slug":"%d0%bd%d0%b0%d0%b4%d0%b7%d0%b2%d0%b8%d1%87%d0%b0%d0%b9%d0%bd%d0%b0-%d1%81%d0%b8%d1%82%d1%83%d0%b0%d1%86%d1%96%d1%8f","status":"publish","type":"page","link":"https:\/\/www.tierschutz-bremerhaven.eu\/uk\/notfall","title":{"rendered":"\u041d\u0430\u0434\u0437\u0432\u0438\u0447\u0430\u0439\u043d\u0430 \u0441\u0438\u0442\u0443\u0430\u0446\u0456\u044f"},"content":{"rendered":"<div data-elementor-type=\"wp-page\" data-elementor-id=\"3531\" class=\"elementor elementor-3531\" data-elementor-post-type=\"page\">\n\t\t\t\t\t\t<section class=\"elementor-section elementor-top-section elementor-element elementor-element-ac38b57 elementor-section-boxed elementor-section-height-default elementor-section-height-default\" data-id=\"ac38b57\" data-element_type=\"section\" data-e-type=\"section\" data-settings=\"{&quot;background_background&quot;:&quot;classic&quot;}\">\n\t\t\t\t\t\t<div class=\"elementor-container elementor-column-gap-default\">\n\t\t\t\t\t<div class=\"elementor-column elementor-col-100 elementor-top-column elementor-element elementor-element-1e6934d\" data-id=\"1e6934d\" data-element_type=\"column\" data-e-type=\"column\">\n\t\t\t<div class=\"elementor-widget-wrap elementor-element-populated\">\n\t\t\t\t\t\t<div class=\"elementor-element elementor-element-f5d1208 elementor-widget elementor-widget-heading\" data-id=\"f5d1208\" data-element_type=\"widget\" data-e-type=\"widget\" data-widget_type=\"heading.default\">\n\t\t\t\t<div class=\"elementor-widget-container\">\n\t\t\t\t\t<h2 class=\"elementor-heading-title elementor-size-default\">\u0423 \u043d\u0430\u0434\u0437\u0432\u0438\u0447\u0430\u0439\u043d\u0438\u0445 \u0441\u0438\u0442\u0443\u0430\u0446\u0456\u044f\u0445<\/h2>\t\t\t\t<\/div>\n\t\t\t\t<\/div>\n\t\t\t\t<div class=\"elementor-element elementor-element-f72cc43 elementor-widget elementor-widget-text-editor\" data-id=\"f72cc43\" data-element_type=\"widget\" data-e-type=\"widget\" data-widget_type=\"text-editor.default\">\n\t\t\t\t<div class=\"elementor-widget-container\">\n\t\t\t\t\t\t\t\t\t<p>\u0423 \u0432\u0430\u0441 \u0432\u0438\u043d\u0438\u043a\u043b\u0430 \u043d\u0435\u0432\u0456\u0434\u043a\u043b\u0430\u0434\u043d\u0430 \u043c\u0435\u0434\u0438\u0447\u043d\u0430 \u0441\u0438\u0442\u0443\u0430\u0446\u0456\u044f \u0437 \u0432\u0430\u0448\u0438\u043c \u0434\u043e\u043c\u0430\u0448\u043d\u0456\u043c \u0443\u043b\u044e\u0431\u043b\u0435\u043d\u0446\u0435\u043c?<\/p><p>\u0417\u0431\u0435\u0440\u0456\u0433\u0430\u0439\u0442\u0435 \u0441\u043f\u043e\u043a\u0456\u0439, \u0449\u043e\u0431 \u043c\u0430\u0442\u0438 \u0437\u043c\u043e\u0433\u0443 \u0432\u0436\u0438\u0442\u0438 \u043f\u0440\u0430\u0432\u0438\u043b\u044c\u043d\u0438\u0445 \u0437\u0430\u0445\u043e\u0434\u0456\u0432.<\/p><p>\u041d\u0438\u0436\u0447\u0435 \u043c\u0438 \u043f\u0435\u0440\u0435\u0440\u0430\u0445\u0443\u0432\u0430\u043b\u0438 \u0434\u0435\u044f\u043a\u0456 \u0430\u0434\u0440\u0435\u0441\u0438 \u0442\u0430 \u043d\u043e\u043c\u0435\u0440\u0438 \u0442\u0435\u043b\u0435\u0444\u043e\u043d\u0456\u0432, \u0437\u0430 \u044f\u043a\u0438\u043c\u0438 \u0432\u0438 \u043c\u043e\u0436\u0435\u0442\u0435 \u0448\u0432\u0438\u0434\u043a\u043e \u043e\u0442\u0440\u0438\u043c\u0430\u0442\u0438 \u0434\u043e\u043f\u043e\u043c\u043e\u0433\u0443 \u0430\u0431\u043e \u0432\u0435\u0442\u0435\u0440\u0438\u043d\u0430\u0440\u043d\u0443 \u043a\u043e\u043d\u0441\u0443\u043b\u044c\u0442\u0430\u0446\u0456\u044e \u0432 \u0435\u043a\u0441\u0442\u0440\u0435\u043d\u0438\u0445 \u0432\u0438\u043f\u0430\u0434\u043a\u0430\u0445.<br \/>\u0423 \u043c\u0435\u043d\u0448 \u0442\u0435\u0440\u043c\u0456\u043d\u043e\u0432\u0438\u0445 \u0432\u0438\u043f\u0430\u0434\u043a\u0430\u0445 \u0432\u0430\u0448 \u0432\u0435\u0442\u0435\u0440\u0438\u043d\u0430\u0440\u043d\u0438\u0439 \u043b\u0456\u043a\u0430\u0440 \u0430\u0431\u043e \u043d\u0430\u0439\u0431\u043b\u0438\u0436\u0447\u0456 \u0432\u0435\u0442\u0435\u0440\u0438\u043d\u0430\u0440\u043d\u0456 \u043a\u043b\u0456\u043d\u0456\u043a\u0438 \u0437\u043c\u043e\u0436\u0443\u0442\u044c \u0434\u043e\u043f\u043e\u043c\u043e\u0433\u0442\u0438 \u0432\u0430\u043c \u0443 \u0437\u0432\u0438\u0447\u0430\u0439\u043d\u0456 \u0440\u043e\u0431\u043e\u0447\u0456 \u0433\u043e\u0434\u0438\u043d\u0438.<\/p><p><strong>\u0421\u043b\u0443\u0436\u0431\u0430 \u0435\u043a\u0441\u0442\u0440\u0435\u043d\u043e\u0457 \u0432\u0435\u0442\u0435\u0440\u0438\u043d\u0430\u0440\u043d\u043e\u0457 \u0434\u043e\u043f\u043e\u043c\u043e\u0433\u0438: <a href=\"tel:01726511248\">0172 - 6 51 12 48<\/a><\/strong><\/p><p><strong>\u0412\u0435\u0442\u0435\u0440\u0438\u043d\u0430\u0440\u043d\u0430 \u043a\u043b\u0456\u043d\u0456\u043a\u0430 \u0411\u0440\u0435\u043c\u0435\u043d: <a href=\"tel:042112211\">0421 - 1 22 11<\/a><br \/><\/strong><\/p><p><strong>\u0412\u0435\u0442\u0435\u0440\u0438\u043d\u0430\u0440\u043d\u0430 \u043a\u043b\u0456\u043d\u0456\u043a\u0430 \u041f\u043e\u0441\u0442\u0445\u0430\u0443\u0437\u0435\u043d: <a href=\"tel:042112211\">04297 - 16 89 90\u00a0 <\/a><\/strong><\/p><p><a href=\"https:\/\/kleintiernotdienst-cuxland-bremerhaven.de\/\"><strong>https:\/\/kleintiernotdienst-cuxland-bremerhaven.de\/<\/strong><\/a><\/p><p>\u042f\u043a\u0449\u043e \u0432\u0438 \u0445\u043e\u0447\u0435\u0442\u0435 \u043f\u0440\u0438\u0432\u0435\u0437\u0442\u0438 \u0434\u043e \u043d\u0430\u0441 \u0437\u043d\u0430\u0439\u0434\u0435\u043d\u0443 \u0442\u0432\u0430\u0440\u0438\u043d\u0443, \u0431\u0443\u0434\u044c \u043b\u0430\u0441\u043a\u0430, \u0437\u0430\u0442\u0435\u043b\u0435\u0444\u043e\u043d\u0443\u0439\u0442\u0435 \u043d\u0430\u043c \u0443 \u0440\u043e\u0431\u043e\u0447\u0438\u0439 \u0447\u0430\u0441 \u0437\u0430 \u0442\u0435\u043b. <a href=\"tel:047183257\">0471 - 8 32 57<\/a>. \u0412\u0438 \u043c\u043e\u0436\u0435\u0442\u0435 \u0437\u0430\u043b\u0438\u0448\u0438\u0442\u0438 \u043f\u043e\u0432\u0456\u0434\u043e\u043c\u043b\u0435\u043d\u043d\u044f \u043d\u0430 \u043d\u0430\u0448\u043e\u043c\u0443 \u0430\u0432\u0442\u043e\u0432\u0456\u0434\u043f\u043e\u0432\u0456\u0434\u0430\u0447\u0456, \u0456 \u043c\u0438 \u043f\u0435\u0440\u0435\u0434\u0437\u0432\u043e\u043d\u0438\u043c\u043e \u0432\u0430\u043c \u043d\u0435 \u043f\u0456\u0437\u043d\u0456\u0448\u0435 \u043d\u0430\u0441\u0442\u0443\u043f\u043d\u043e\u0433\u043e \u0434\u043d\u044f.<\/p><p>\u0423 <strong>\u043d\u0435\u0432\u0456\u0434\u043a\u043b\u0430\u0434\u043d\u0456 \u0432\u0438\u043f\u0430\u0434\u043a\u0438<\/strong> \u0432 \u043d\u0435\u0440\u043e\u0431\u043e\u0447\u0438\u0439 \u0447\u0430\u0441, \u0431\u0443\u0434\u044c \u043b\u0430\u0441\u043a\u0430, \u0437\u0432'\u044f\u0436\u0456\u0442\u044c\u0441\u044f \u0437 <strong>\u041f\u043e\u043b\u0456\u0446\u0456\u044f \u0411\u0440\u0435\u043c\u0435\u0440\u0433\u0430\u0444\u0435\u043d\u0430 <\/strong>\u043f\u0456\u0434<strong> \u0422\u0435\u043b. <a href=\"tel:04719531140\">0471 \u2013 9 53 11 40<\/a><\/strong>. \u0423 \u0440\u0430\u0437\u0456 \u043d\u0435\u043e\u0431\u0445\u0456\u0434\u043d\u043e\u0441\u0442\u0456 \u0432\u043e\u043d\u0438 \u0437\u0432'\u044f\u0436\u0443\u0442\u044c\u0441\u044f \u0437 \u043d\u0430\u0448\u043e\u044e \u0430\u0432\u0430\u0440\u0456\u0439\u043d\u043e\u044e \u0441\u043b\u0443\u0436\u0431\u043e\u044e.<\/p>\t\t\t\t\t\t\t\t<\/div>\n\t\t\t\t<\/div>\n\t\t\t\t\t<\/div>\n\t\t<\/div>\n\t\t\t\t\t<\/div>\n\t\t<\/section>\n\t\t\t\t<\/div>","protected":false},"excerpt":{"rendered":"<p>Im Notfall Sie haben einen medizinischen Notfall mit Ihrem Tier? Bewahren Sie Ruhe, damit Sie die richtigen Ma\u00dfnahmen ergreifen k\u00f6nnen. Nachfolgend haben wir einige Adressen und Telefonnummern aufgelistet, unter denen Sie im Notfall schnell Hilfe oder einen tier\u00e4rztlichen Rat erhalten k\u00f6nnen.In nicht so dringenden F\u00e4llen, kann Ihnen zu den \u00fcblichen Gesch\u00e4ftszeiten auch sicher Ihr Tierarzt [&hellip;]<\/p>\n","protected":false},"author":3,"featured_media":0,"parent":0,"menu_order":0,"comment_status":"closed","ping_status":"closed","template":"","meta":{"footnotes":""},"class_list":["post-3531","page","type-page","status-publish","hentry"],"_links":{"self":[{"href":"https:\/\/www.tierschutz-bremerhaven.eu\/uk\/wp-json\/wp\/v2\/pages\/3531","targetHints":{"allow":["GET"]}}],"collection":[{"href":"https:\/\/www.tierschutz-bremerhaven.eu\/uk\/wp-json\/wp\/v2\/pages"}],"about":[{"href":"https:\/\/www.tierschutz-bremerhaven.eu\/uk\/wp-json\/wp\/v2\/types\/page"}],"author":[{"embeddable":true,"href":"https:\/\/www.tierschutz-bremerhaven.eu\/uk\/wp-json\/wp\/v2\/users\/3"}],"replies":[{"embeddable":true,"href":"https:\/\/www.tierschutz-bremerhaven.eu\/uk\/wp-json\/wp\/v2\/comments?post=3531"}],"version-history":[{"count":37,"href":"https:\/\/www.tierschutz-bremerhaven.eu\/uk\/wp-json\/wp\/v2\/pages\/3531\/revisions"}],"predecessor-version":[{"id":11449,"href":"https:\/\/www.tierschutz-bremerhaven.eu\/uk\/wp-json\/wp\/v2\/pages\/3531\/revisions\/11449"}],"wp:attachment":[{"href":"https:\/\/www.tierschutz-bremerhaven.eu\/uk\/wp-json\/wp\/v2\/media?parent=3531"}],"curies":[{"name":"wp","href":"https:\/\/api.w.org\/{rel}","templated":true}]}}